{"id":154606,"date":"2026-03-11T21:45:30","date_gmt":"2026-03-11T20:45:30","guid":{"rendered":"https:\/\/best-realestate.eu\/impressum\/"},"modified":"2026-03-11T21:45:35","modified_gmt":"2026-03-11T20:45:35","slug":"impressum","status":"publish","type":"page","link":"https:\/\/best-realestate.eu\/de\/impressum\/","title":{"rendered":"Impressum"},"content":{"rendered":"\t\t<div data-elementor-type=\"wp-page\" data-elementor-id=\"154606\" class=\"elementor elementor-154606 elementor-82250\" data-elementor-post-type=\"page\">\n\t\t\t\t<div class=\"elementor-element elementor-element-6a35466 e-flex e-con-boxed e-con e-parent\" data-id=\"6a35466\" data-element_type=\"container\" data-e-type=\"container\" data-settings=\"{&quot;background_background&quot;:&quot;classic&quot;}\">\n\t\t\t\t\t<div class=\"e-con-inner\">\n\t\t\t\t<div class=\"elementor-element elementor-element-845532a line-before-title elementor-widget elementor-widget-heading\" data-id=\"845532a\" data-element_type=\"widget\" data-e-type=\"widget\" data-widget_type=\"heading.default\">\n\t\t\t\t<div class=\"elementor-widget-container\">\n\t\t\t\t\t<h2 class=\"elementor-heading-title elementor-size-default\">\u00dcber das Unternehmen<\/h2>\t\t\t\t<\/div>\n\t\t\t\t<\/div>\n\t\t\t\t\t<\/div>\n\t\t\t\t<\/div>\n\t\t<div class=\"elementor-element elementor-element-10786d1 e-flex e-con-boxed e-con e-parent\" data-id=\"10786d1\" data-element_type=\"container\" data-e-type=\"container\" data-settings=\"{&quot;background_background&quot;:&quot;classic&quot;}\">\n\t\t\t\t\t<div class=\"e-con-inner\">\n\t\t<div class=\"elementor-element elementor-element-4427c0a e-con-full e-flex e-con e-child\" data-id=\"4427c0a\" data-element_type=\"container\" data-e-type=\"container\">\n\t\t\t\t<div class=\"elementor-element elementor-element-17e4760 elementor-widget elementor-widget-heading\" data-id=\"17e4760\" data-element_type=\"widget\" data-e-type=\"widget\" data-widget_type=\"heading.default\">\n\t\t\t\t<div class=\"elementor-widget-container\">\n\t\t\t\t\t<h6 class=\"elementor-heading-title elementor-size-default\">NAME DER FIRMA<\/h6>\t\t\t\t<\/div>\n\t\t\t\t<\/div>\n\t\t\t\t<div class=\"elementor-element elementor-element-89d2609 elementor-widget elementor-widget-text-editor\" data-id=\"89d2609\" data-element_type=\"widget\" data-e-type=\"widget\" data-widget_type=\"text-editor.default\">\n\t\t\t\t<div class=\"elementor-widget-container\">\n\t\t\t\t\t\t\t\t\t<p>PRIMO CONSULTING Ltd. f\u00fcr Handel und Dienstleistungen<\/p>\t\t\t\t\t\t\t\t<\/div>\n\t\t\t\t<\/div>\n\t\t\t\t<div class=\"elementor-element elementor-element-52f45df elementor-widget elementor-widget-heading\" data-id=\"52f45df\" data-element_type=\"widget\" data-e-type=\"widget\" data-widget_type=\"heading.default\">\n\t\t\t\t<div class=\"elementor-widget-container\">\n\t\t\t\t\t<h6 class=\"elementor-heading-title elementor-size-default\">ABK\u00dcRZTER NAME<\/h6>\t\t\t\t<\/div>\n\t\t\t\t<\/div>\n\t\t\t\t<div class=\"elementor-element elementor-element-dd25469 elementor-widget elementor-widget-text-editor\" data-id=\"dd25469\" data-element_type=\"widget\" data-e-type=\"widget\" data-widget_type=\"text-editor.default\">\n\t\t\t\t<div class=\"elementor-widget-container\">\n\t\t\t\t\t\t\t\t\t<p>PRIMO CONSULTING LTD.<\/p>\t\t\t\t\t\t\t\t<\/div>\n\t\t\t\t<\/div>\n\t\t\t\t<div class=\"elementor-element elementor-element-ddd76e9 elementor-widget elementor-widget-heading\" data-id=\"ddd76e9\" data-element_type=\"widget\" data-e-type=\"widget\" data-widget_type=\"heading.default\">\n\t\t\t\t<div class=\"elementor-widget-container\">\n\t\t\t\t\t<h6 class=\"elementor-heading-title elementor-size-default\">OIB<\/h6>\t\t\t\t<\/div>\n\t\t\t\t<\/div>\n\t\t\t\t<div class=\"elementor-element elementor-element-7e52df3 elementor-widget elementor-widget-text-editor\" data-id=\"7e52df3\" data-element_type=\"widget\" data-e-type=\"widget\" data-widget_type=\"text-editor.default\">\n\t\t\t\t<div class=\"elementor-widget-container\">\n\t\t\t\t\t\t\t\t\t<p>45872996267<\/p><p>Das Unternehmen ist beim Handelsgericht Zagreb unter der Registrierungsnummer (MBS): 110064257 eingetragen.<\/p>\t\t\t\t\t\t\t\t<\/div>\n\t\t\t\t<\/div>\n\t\t\t\t<div class=\"elementor-element elementor-element-9246714 elementor-widget elementor-widget-heading\" data-id=\"9246714\" data-element_type=\"widget\" data-e-type=\"widget\" data-widget_type=\"heading.default\">\n\t\t\t\t<div class=\"elementor-widget-container\">\n\t\t\t\t\t<h6 class=\"elementor-heading-title elementor-size-default\">Firmenzentrale<\/h6>\t\t\t\t<\/div>\n\t\t\t\t<\/div>\n\t\t\t\t<div class=\"elementor-element elementor-element-30b9ab7 elementor-widget elementor-widget-text-editor\" data-id=\"30b9ab7\" data-element_type=\"widget\" data-e-type=\"widget\" data-widget_type=\"text-editor.default\">\n\t\t\t\t<div class=\"elementor-widget-container\">\n\t\t\t\t\t\t\t\t\t<p>Ante Star\u010devi\u0107a 13 C, Zadar<\/p>\t\t\t\t\t\t\t\t<\/div>\n\t\t\t\t<\/div>\n\t\t\t\t<\/div>\n\t\t<div class=\"elementor-element elementor-element-0cda11a e-flex e-con-boxed e-con e-child\" data-id=\"0cda11a\" data-element_type=\"container\" data-e-type=\"container\">\n\t\t\t\t\t<div class=\"e-con-inner\">\n\t\t\t\t<div class=\"elementor-element elementor-element-16dc99d elementor-widget elementor-widget-heading\" data-id=\"16dc99d\" data-element_type=\"widget\" data-e-type=\"widget\" data-widget_type=\"heading.default\">\n\t\t\t\t<div class=\"elementor-widget-container\">\n\t\t\t\t\t<h6 class=\"elementor-heading-title elementor-size-default\">Gesch\u00e4ftsr\u00e4ume<\/h6>\t\t\t\t<\/div>\n\t\t\t\t<\/div>\n\t\t\t\t<div class=\"elementor-element elementor-element-ee79728 elementor-widget elementor-widget-text-editor\" data-id=\"ee79728\" data-element_type=\"widget\" data-e-type=\"widget\" data-widget_type=\"text-editor.default\">\n\t\t\t\t<div class=\"elementor-widget-container\">\n\t\t\t\t\t\t\t\t\t<p>Jakova Gotovac 24, Zadar<\/p>\t\t\t\t\t\t\t\t<\/div>\n\t\t\t\t<\/div>\n\t\t\t\t<div class=\"elementor-element elementor-element-4caf8a3 elementor-widget elementor-widget-heading\" data-id=\"4caf8a3\" data-element_type=\"widget\" data-e-type=\"widget\" data-widget_type=\"heading.default\">\n\t\t\t\t<div class=\"elementor-widget-container\">\n\t\t\t\t\t<h6 class=\"elementor-heading-title elementor-size-default\">Bankkonto<\/h6>\t\t\t\t<\/div>\n\t\t\t\t<\/div>\n\t\t\t\t<div class=\"elementor-element elementor-element-b74361b elementor-widget elementor-widget-text-editor\" data-id=\"b74361b\" data-element_type=\"widget\" data-e-type=\"widget\" data-widget_type=\"text-editor.default\">\n\t\t\t\t<div class=\"elementor-widget-container\">\n\t\t\t\t\t\t\t\t\t<p>IBAN: HR5224070001100451410<\/p>\t\t\t\t\t\t\t\t<\/div>\n\t\t\t\t<\/div>\n\t\t\t\t<div class=\"elementor-element elementor-element-c7e7bc6 elementor-widget elementor-widget-heading\" data-id=\"c7e7bc6\" data-element_type=\"widget\" data-e-type=\"widget\" data-widget_type=\"heading.default\">\n\t\t\t\t<div class=\"elementor-widget-container\">\n\t\t\t\t\t<h6 class=\"elementor-heading-title elementor-size-default\">schnell<\/h6>\t\t\t\t<\/div>\n\t\t\t\t<\/div>\n\t\t\t\t<div class=\"elementor-element elementor-element-5996671 elementor-widget elementor-widget-text-editor\" data-id=\"5996671\" data-element_type=\"widget\" data-e-type=\"widget\" data-widget_type=\"text-editor.default\">\n\t\t\t\t<div class=\"elementor-widget-container\">\n\t\t\t\t\t\t\t\t\t<p>OTPVHR2X, OTP BANKA dd, Split<\/p>\t\t\t\t\t\t\t\t<\/div>\n\t\t\t\t<\/div>\n\t\t\t\t<div class=\"elementor-element elementor-element-c094de9 elementor-widget elementor-widget-heading\" data-id=\"c094de9\" data-element_type=\"widget\" data-e-type=\"widget\" data-widget_type=\"heading.default\">\n\t\t\t\t<div class=\"elementor-widget-container\">\n\t\t\t\t\t<h6 class=\"elementor-heading-title elementor-size-default\">Vorstandsmitglieder<\/h6>\t\t\t\t<\/div>\n\t\t\t\t<\/div>\n\t\t\t\t<div class=\"elementor-element elementor-element-50fabc6 elementor-widget elementor-widget-text-editor\" data-id=\"50fabc6\" data-element_type=\"widget\" data-e-type=\"widget\" data-widget_type=\"text-editor.default\">\n\t\t\t\t<div class=\"elementor-widget-container\">\n\t\t\t\t\t\t\t\t\t<p>Ivana Perisic<\/p>\t\t\t\t\t\t\t\t<\/div>\n\t\t\t\t<\/div>\n\t\t\t\t\t<\/div>\n\t\t\t\t<\/div>\n\t\t\t\t\t<\/div>\n\t\t\t\t<\/div>\n\t\t\t\t<\/div>\n\t\t","protected":false},"excerpt":{"rendered":"<p>\u00dcber das Unternehmen NAME DER FIRMA PRIMO CONSULTING Ltd. f\u00fcr Handel und Dienstleistungen ABK\u00dcRZTER NAME PRIMO CONSULTING LTD. OIB 45872996267 Das Unternehmen ist beim Handelsgericht Zagreb unter der Registrierungsnummer (MBS): 110064257 eingetragen. Firmenzentrale Ante Star\u010devi\u0107a 13 C, Zadar Gesch\u00e4ftsr\u00e4ume Jakova Gotovac 24, Zadar Bankkonto IBAN: HR5224070001100451410 schnell OTPVHR2X, OTP BANKA dd, Split Vorstandsmitglieder Ivana Perisic<\/p>\n","protected":false},"author":1,"featured_media":154607,"parent":0,"menu_order":0,"comment_status":"closed","ping_status":"closed","template":"elementor_header_footer","meta":{"_acf_changed":false,"inline_featured_image":false,"footnotes":""},"class_list":["post-154606","page","type-page","status-publish","has-post-thumbnail","hentry"],"acf":[],"yoast_head":"<!-- This site is optimized with the Yoast SEO Premium plugin v22.1 (Yoast SEO v27.3) - https:\/\/yoast.com\/product\/yoast-seo-premium-wordpress\/ -->\n<title>Best Real Estate - Impressum<\/title>\n<meta name=\"robots\" content=\"index, follow, max-snippet:-1, max-image-preview:large, max-video-preview:-1\" \/>\n<link rel=\"canonical\" href=\"https:\/\/best-realestate.eu\/de\/impressum\/\" \/>\n<meta property=\"og:locale\" content=\"de_DE\" \/>\n<meta property=\"og:type\" content=\"article\" \/>\n<meta property=\"og:title\" content=\"Impressum\" \/>\n<meta property=\"og:description\" content=\"\u00dcber das Unternehmen NAME DER FIRMA PRIMO CONSULTING Ltd. f\u00fcr Handel und Dienstleistungen ABK\u00dcRZTER NAME PRIMO CONSULTING LTD. OIB 45872996267 Das Unternehmen ist beim Handelsgericht Zagreb unter der Registrierungsnummer (MBS): 110064257 eingetragen. Firmenzentrale Ante Star\u010devi\u0107a 13 C, Zadar Gesch\u00e4ftsr\u00e4ume Jakova Gotovac 24, Zadar Bankkonto IBAN: HR5224070001100451410 schnell OTPVHR2X, OTP BANKA dd, Split Vorstandsmitglieder Ivana Perisic\" \/>\n<meta property=\"og:url\" content=\"https:\/\/best-realestate.eu\/de\/impressum\/\" \/>\n<meta property=\"og:site_name\" content=\"Best Real Estate\" \/>\n<meta property=\"article:modified_time\" content=\"2026-03-11T20:45:35+00:00\" \/>\n<meta property=\"og:image\" content=\"https:\/\/best-realestate.eu\/wp-content\/uploads\/2021\/07\/Best-Real-Estate-FB-Share-logo.jpg\" \/>\n\t<meta property=\"og:image:width\" content=\"1200\" \/>\n\t<meta property=\"og:image:height\" content=\"630\" \/>\n\t<meta property=\"og:image:type\" content=\"image\/jpeg\" \/>\n<meta name=\"twitter:card\" content=\"summary_large_image\" \/>\n<script type=\"application\/ld+json\" class=\"yoast-schema-graph\">{\"@context\":\"https:\\\/\\\/schema.org\",\"@graph\":[{\"@type\":\"WebPage\",\"@id\":\"https:\\\/\\\/best-realestate.eu\\\/de\\\/impressum\\\/\",\"url\":\"https:\\\/\\\/best-realestate.eu\\\/de\\\/impressum\\\/\",\"name\":\"Best Real Estate - Impressum\",\"isPartOf\":{\"@id\":\"https:\\\/\\\/best-realestate.eu\\\/de\\\/#website\"},\"primaryImageOfPage\":{\"@id\":\"https:\\\/\\\/best-realestate.eu\\\/de\\\/impressum\\\/#primaryimage\"},\"image\":{\"@id\":\"https:\\\/\\\/best-realestate.eu\\\/de\\\/impressum\\\/#primaryimage\"},\"thumbnailUrl\":\"https:\\\/\\\/best-realestate.eu\\\/wp-content\\\/uploads\\\/2021\\\/07\\\/Best-Real-Estate-FB-Share-logo.jpg\",\"datePublished\":\"2026-03-11T20:45:30+00:00\",\"dateModified\":\"2026-03-11T20:45:35+00:00\",\"breadcrumb\":{\"@id\":\"https:\\\/\\\/best-realestate.eu\\\/de\\\/impressum\\\/#breadcrumb\"},\"inLanguage\":\"de\",\"potentialAction\":[{\"@type\":\"ReadAction\",\"target\":[\"https:\\\/\\\/best-realestate.eu\\\/de\\\/impressum\\\/\"]}]},{\"@type\":\"ImageObject\",\"inLanguage\":\"de\",\"@id\":\"https:\\\/\\\/best-realestate.eu\\\/de\\\/impressum\\\/#primaryimage\",\"url\":\"https:\\\/\\\/best-realestate.eu\\\/wp-content\\\/uploads\\\/2021\\\/07\\\/Best-Real-Estate-FB-Share-logo.jpg\",\"contentUrl\":\"https:\\\/\\\/best-realestate.eu\\\/wp-content\\\/uploads\\\/2021\\\/07\\\/Best-Real-Estate-FB-Share-logo.jpg\",\"width\":1200,\"height\":630},{\"@type\":\"BreadcrumbList\",\"@id\":\"https:\\\/\\\/best-realestate.eu\\\/de\\\/impressum\\\/#breadcrumb\",\"itemListElement\":[{\"@type\":\"ListItem\",\"position\":1,\"name\":\"Home\",\"item\":\"https:\\\/\\\/best-realestate.eu\\\/de\\\/\"},{\"@type\":\"ListItem\",\"position\":2,\"name\":\"Impressum\"}]},{\"@type\":\"WebSite\",\"@id\":\"https:\\\/\\\/best-realestate.eu\\\/de\\\/#website\",\"url\":\"https:\\\/\\\/best-realestate.eu\\\/de\\\/\",\"name\":\"Best Real Estate\",\"description\":\"We sell homes that make you happy\",\"publisher\":{\"@id\":\"https:\\\/\\\/best-realestate.eu\\\/de\\\/#organization\"},\"potentialAction\":[{\"@type\":\"SearchAction\",\"target\":{\"@type\":\"EntryPoint\",\"urlTemplate\":\"https:\\\/\\\/best-realestate.eu\\\/de\\\/?s={search_term_string}\"},\"query-input\":{\"@type\":\"PropertyValueSpecification\",\"valueRequired\":true,\"valueName\":\"search_term_string\"}}],\"inLanguage\":\"de\"},{\"@type\":\"Organization\",\"@id\":\"https:\\\/\\\/best-realestate.eu\\\/de\\\/#organization\",\"name\":\"Best Real Estate\",\"url\":\"https:\\\/\\\/best-realestate.eu\\\/de\\\/\",\"logo\":{\"@type\":\"ImageObject\",\"inLanguage\":\"de\",\"@id\":\"https:\\\/\\\/best-realestate.eu\\\/de\\\/#\\\/schema\\\/logo\\\/image\\\/\",\"url\":\"https:\\\/\\\/best-realestate.eu\\\/wp-content\\\/uploads\\\/2020\\\/10\\\/bestrealestate-logo-black.svg\",\"contentUrl\":\"https:\\\/\\\/best-realestate.eu\\\/wp-content\\\/uploads\\\/2020\\\/10\\\/bestrealestate-logo-black.svg\",\"width\":\"1024\",\"height\":\"1024\",\"caption\":\"Best Real Estate\"},\"image\":{\"@id\":\"https:\\\/\\\/best-realestate.eu\\\/de\\\/#\\\/schema\\\/logo\\\/image\\\/\"}}]}<\/script>\n<!-- \/ Yoast SEO Premium plugin. -->","yoast_head_json":{"title":"Best Real Estate - Impressum","robots":{"index":"index","follow":"follow","max-snippet":"max-snippet:-1","max-image-preview":"max-image-preview:large","max-video-preview":"max-video-preview:-1"},"canonical":"https:\/\/best-realestate.eu\/de\/impressum\/","og_locale":"de_DE","og_type":"article","og_title":"Impressum","og_description":"\u00dcber das Unternehmen NAME DER FIRMA PRIMO CONSULTING Ltd. f\u00fcr Handel und Dienstleistungen ABK\u00dcRZTER NAME PRIMO CONSULTING LTD. OIB 45872996267 Das Unternehmen ist beim Handelsgericht Zagreb unter der Registrierungsnummer (MBS): 110064257 eingetragen. Firmenzentrale Ante Star\u010devi\u0107a 13 C, Zadar Gesch\u00e4ftsr\u00e4ume Jakova Gotovac 24, Zadar Bankkonto IBAN: HR5224070001100451410 schnell OTPVHR2X, OTP BANKA dd, Split Vorstandsmitglieder Ivana Perisic","og_url":"https:\/\/best-realestate.eu\/de\/impressum\/","og_site_name":"Best Real Estate","article_modified_time":"2026-03-11T20:45:35+00:00","og_image":[{"width":1200,"height":630,"url":"https:\/\/best-realestate.eu\/wp-content\/uploads\/2021\/07\/Best-Real-Estate-FB-Share-logo.jpg","type":"image\/jpeg"}],"twitter_card":"summary_large_image","schema":{"@context":"https:\/\/schema.org","@graph":[{"@type":"WebPage","@id":"https:\/\/best-realestate.eu\/de\/impressum\/","url":"https:\/\/best-realestate.eu\/de\/impressum\/","name":"Best Real Estate - Impressum","isPartOf":{"@id":"https:\/\/best-realestate.eu\/de\/#website"},"primaryImageOfPage":{"@id":"https:\/\/best-realestate.eu\/de\/impressum\/#primaryimage"},"image":{"@id":"https:\/\/best-realestate.eu\/de\/impressum\/#primaryimage"},"thumbnailUrl":"https:\/\/best-realestate.eu\/wp-content\/uploads\/2021\/07\/Best-Real-Estate-FB-Share-logo.jpg","datePublished":"2026-03-11T20:45:30+00:00","dateModified":"2026-03-11T20:45:35+00:00","breadcrumb":{"@id":"https:\/\/best-realestate.eu\/de\/impressum\/#breadcrumb"},"inLanguage":"de","potentialAction":[{"@type":"ReadAction","target":["https:\/\/best-realestate.eu\/de\/impressum\/"]}]},{"@type":"ImageObject","inLanguage":"de","@id":"https:\/\/best-realestate.eu\/de\/impressum\/#primaryimage","url":"https:\/\/best-realestate.eu\/wp-content\/uploads\/2021\/07\/Best-Real-Estate-FB-Share-logo.jpg","contentUrl":"https:\/\/best-realestate.eu\/wp-content\/uploads\/2021\/07\/Best-Real-Estate-FB-Share-logo.jpg","width":1200,"height":630},{"@type":"BreadcrumbList","@id":"https:\/\/best-realestate.eu\/de\/impressum\/#breadcrumb","itemListElement":[{"@type":"ListItem","position":1,"name":"Home","item":"https:\/\/best-realestate.eu\/de\/"},{"@type":"ListItem","position":2,"name":"Impressum"}]},{"@type":"WebSite","@id":"https:\/\/best-realestate.eu\/de\/#website","url":"https:\/\/best-realestate.eu\/de\/","name":"Best Real Estate","description":"We sell homes that make you happy","publisher":{"@id":"https:\/\/best-realestate.eu\/de\/#organization"},"potentialAction":[{"@type":"SearchAction","target":{"@type":"EntryPoint","urlTemplate":"https:\/\/best-realestate.eu\/de\/?s={search_term_string}"},"query-input":{"@type":"PropertyValueSpecification","valueRequired":true,"valueName":"search_term_string"}}],"inLanguage":"de"},{"@type":"Organization","@id":"https:\/\/best-realestate.eu\/de\/#organization","name":"Best Real Estate","url":"https:\/\/best-realestate.eu\/de\/","logo":{"@type":"ImageObject","inLanguage":"de","@id":"https:\/\/best-realestate.eu\/de\/#\/schema\/logo\/image\/","url":"https:\/\/best-realestate.eu\/wp-content\/uploads\/2020\/10\/bestrealestate-logo-black.svg","contentUrl":"https:\/\/best-realestate.eu\/wp-content\/uploads\/2020\/10\/bestrealestate-logo-black.svg","width":"1024","height":"1024","caption":"Best Real Estate"},"image":{"@id":"https:\/\/best-realestate.eu\/de\/#\/schema\/logo\/image\/"}}]}},"_links":{"self":[{"href":"https:\/\/best-realestate.eu\/de\/wp-json\/wp\/v2\/pages\/154606","targetHints":{"allow":["GET"]}}],"collection":[{"href":"https:\/\/best-realestate.eu\/de\/wp-json\/wp\/v2\/pages"}],"about":[{"href":"https:\/\/best-realestate.eu\/de\/wp-json\/wp\/v2\/types\/page"}],"author":[{"embeddable":true,"href":"https:\/\/best-realestate.eu\/de\/wp-json\/wp\/v2\/users\/1"}],"replies":[{"embeddable":true,"href":"https:\/\/best-realestate.eu\/de\/wp-json\/wp\/v2\/comments?post=154606"}],"version-history":[{"count":3,"href":"https:\/\/best-realestate.eu\/de\/wp-json\/wp\/v2\/pages\/154606\/revisions"}],"predecessor-version":[{"id":154610,"href":"https:\/\/best-realestate.eu\/de\/wp-json\/wp\/v2\/pages\/154606\/revisions\/154610"}],"wp:featuredmedia":[{"embeddable":true,"href":"https:\/\/best-realestate.eu\/de\/wp-json\/wp\/v2\/media\/154607"}],"wp:attachment":[{"href":"https:\/\/best-realestate.eu\/de\/wp-json\/wp\/v2\/media?parent=154606"}],"curies":[{"name":"wp","href":"https:\/\/api.w.org\/{rel}","templated":true}]}}